{"id":65,"date":"2011-07-18T14:45:41","date_gmt":"2011-07-18T12:45:41","guid":{"rendered":"http:\/\/sybille-naunin.de\/?page_id=65"},"modified":"2025-12-28T19:05:06","modified_gmt":"2025-12-28T18:05:06","slug":"impressum","status":"publish","type":"page","link":"https:\/\/sybille-naunin.de\/?page_id=65","title":{"rendered":"Impressum"},"content":{"rendered":"<p><strong style=\"font-size: 1.4em;\">Angaben nach \u00a75 Telemediengesetz<\/strong><\/p>\n<h4><strong>Verantwortlich und Dienstanbieter:<\/strong><\/h4>\n<p><strong> <\/strong>Sybille Naunin<br \/>\nFach\u00e4rztin f\u00fcr Innere Medizin<br \/>\nHom\u00f6opathie<br \/>\nAnna-Hansen-Strasse 4<br \/>\n24943 Flensburg<\/p>\n<p>Telefon +49 170-2131214<br \/>\nSybillenaunin@icloud.com<\/p>\n<p>Die o. a. \u00c4rztin ist Angeh\u00f6rige der \u00c4rztekammer Schleswig-Holstein<br \/>\nDie gesetzliche Berufsbezeichnung Arzt wurde in Deutschland erworben.<br \/>\nAufsichtsbeh\u00f6rde:<\/p>\n<p>Ministerium f\u00fcr Arbeit, Soziales und Gesundheit<br \/>\nAdolf-Westphal-Str. 4<br \/>\n24143 Kiel<br \/>\nTelefon: 0431 988-0<br \/>\nTelefax: 0431 988-5416<\/p>\n<p><a title=\"dd\" href=\"http:\/\/www.aeksh.de\/aerzte\/arzt_und_recht\/rechtsgrundlagen\/rechtsgrundlagen.html\" target=\"_blank\">Berufsordnung \/ Heilberufekammergesetz<\/a><\/p>\n<p><a href=\"http:\/\/www.kvsh.de\" target=\"_blank\">Kassen\u00e4rztliche Vereinigung Schleswig-Holstein<\/a><\/p>\n<h3><strong>Haftungshinweis<\/strong><\/h3>\n<p><strong>Inhalte unserer Seiten:<br \/>\n<\/strong>Die Inhalte auf unseren Internetseiten sind nach bestem Wissen und Gewissen verl\u00e4sslich und sorgf\u00e4ltig erarbeitet. Wir \u00fcbernehmen trotzdem keine Gew\u00e4hr f\u00fcr Vollst\u00e4ndigkeit, Richtigkeit und Genauigkeit der Inhalte auf unseren Webseiten. Ebenso \u00fcbernehmen wir keine Gew\u00e4hr f\u00fcr Aktualit\u00e4t, Richtigkeit, Vollst\u00e4ndigkeit oder die Qualit\u00e4t der Informationen. Haftungsanspr\u00fcche gegen uns, die sich auf Sch\u00e4den materieller oder ideeller Art beziehen, die durch die Nutzung oder Nichtnutzung der dargebotenen Informationen bzw. durch die Nutzung fehlerhafter und unvollst\u00e4ndiger Informationen verursacht wurden, sind grunds\u00e4tzlich ausgeschlossen, solange kein nachweislich vors\u00e4tzliches oder grob fahrl\u00e4ssiges Verschulden unsererseits vorliegt.<\/p>\n<p>Die auf unserer Homepage bereitgestellten Gesundheitsinformationen d\u00fcrfen weder als Ersatz f\u00fcr eine Beratung und\/oder Behandlung durch \u00c4rzte oder Zahn\u00e4rzte angesehen werden, noch d\u00fcrfen aufgrund der Informationen Selbstdiagnosen gestellt oder Behandlungen begonnen oder abgesetzt werden. Unsere Gesundheitsinformationen ersetzen nicht einen Arztbesuch .<\/p>\n<p>Alle Angebote sind frei bleibend und unverbindlich. Wir behalten uns ausdr\u00fccklich vor, Teile der Seiten oder das gesamte Angebot ohne gesonderte Ank\u00fcndigung zu ver\u00e4ndern, zu erg\u00e4nzen, zu l\u00f6schen oder die Ver\u00f6ffentlichung zeitweise oder endg\u00fcltig einzustellen.<\/p>\n<p><strong>Verweise und Links:<br \/>\n<\/strong>Trotz sorgf\u00e4ltiger inhaltlicher Kontrolle \u00fcbernehmen wir keine Haftung f\u00fcr\u00a0 die Inhalte externer Links. F\u00fcr den Inhalt der verlinkten Seiten sind\u00a0 ausschliesslich deren Betreiber verantwortlich.<br \/>\nWir betonen ausdr\u00fccklich, dass wir keinerlei Einfluss auf die Gestaltung\u00a0 und die Inhalte der Seiten haben, auf die im Folgenden verwiesen wird,\u00a0 und machen uns deren Inhalte nicht zu eigen.<br \/>\nSollten Links auf\u00a0 Seiten verweisen mit strafrechtlich relevanten oder politisch radikalen Inhalten bzw. Inhalten, die Wettbewerbs-, Urheber-, Marken-\u00a0 oder\u00a0 Kennzeichnungsrechte Dritter verletzen k\u00f6nnten, distanzieren wir\u00a0 uns\u00a0 ausdr\u00fccklich von den Inhalten dieser Seiten.<br \/>\nDiese Feststellung gilt f\u00fcr alle innerhalb des eigenen Internet-Angebotes gesetzten Links und Verweise sowie f\u00fcr Fremdeintr\u00e4ge in von uns eingerichteten Blogs, Mailing-Listen, G\u00e4steb\u00fcchern oder Diskussionsforen.<\/p>\n<p><strong>Datenschutz<\/strong><br \/>\nZum Thema Datenschutz beachten Sie bitte auch unsere\u00a0<a href=\"https:\/\/sybille-naunin.de\/?page_id=527\">Datenschutzerkl\u00e4rung<\/a>.<\/p>\n<p>&nbsp;<\/p>\n","protected":false},"excerpt":{"rendered":"<p>Angaben nach \u00a75 Telemediengesetz Verantwortlich und Dienstanbieter: Sybille Naunin Fach\u00e4rztin f\u00fcr Innere Medizin Hom\u00f6opathie Anna-Hansen-Strasse 4 24943 Flensburg Telefon +49 170-2131214 Sybillenaunin@icloud.com Die o. a. \u00c4rztin ist Angeh\u00f6rige der \u00c4rztekammer Schleswig-Holstein Die gesetzliche Berufsbezeichnung Arzt wurde in Deutschland erworben. Aufsichtsbeh\u00f6rde: Ministerium f\u00fcr Arbeit, Soziales und Gesundheit Adolf-Westphal-Str. 4 24143 Kiel Telefon: 0431 988-0 Telefax: 0431 &#8230; <a title=\"Impressum\" class=\"read-more\" href=\"https:\/\/sybille-naunin.de\/?page_id=65\" aria-label=\"Mehr Informationen \u00fcber Impressum\">Weiterlesen<\/a><\/p>\n","protected":false},"author":1,"featured_media":0,"parent":0,"menu_order":10,"comment_status":"closed","ping_status":"closed","template":"","meta":{"footnotes":""},"class_list":["post-65","page","type-page","status-publish"],"_links":{"self":[{"href":"https:\/\/sybille-naunin.de\/index.php?rest_route=\/wp\/v2\/pages\/65","targetHints":{"allow":["GET"]}}],"collection":[{"href":"https:\/\/sybille-naunin.de\/index.php?rest_route=\/wp\/v2\/pages"}],"about":[{"href":"https:\/\/sybille-naunin.de\/index.php?rest_route=\/wp\/v2\/types\/page"}],"author":[{"embeddable":true,"href":"https:\/\/sybille-naunin.de\/index.php?rest_route=\/wp\/v2\/users\/1"}],"replies":[{"embeddable":true,"href":"https:\/\/sybille-naunin.de\/index.php?rest_route=%2Fwp%2Fv2%2Fcomments&post=65"}],"version-history":[{"count":10,"href":"https:\/\/sybille-naunin.de\/index.php?rest_route=\/wp\/v2\/pages\/65\/revisions"}],"predecessor-version":[{"id":67,"href":"https:\/\/sybille-naunin.de\/index.php?rest_route=\/wp\/v2\/pages\/65\/revisions\/67"}],"wp:attachment":[{"href":"https:\/\/sybille-naunin.de\/index.php?rest_route=%2Fwp%2Fv2%2Fmedia&parent=65"}],"curies":[{"name":"wp","href":"https:\/\/api.w.org\/{rel}","templated":true}]}}