{"id":527,"date":"2018-04-06T16:01:01","date_gmt":"2018-04-06T14:01:01","guid":{"rendered":"http:\/\/sybille-naunin.de\/?page_id=527"},"modified":"2025-12-28T19:06:16","modified_gmt":"2025-12-28T18:06:16","slug":"datenschutz","status":"publish","type":"page","link":"https:\/\/sybille-naunin.de\/?page_id=527","title":{"rendered":"Datenschutz"},"content":{"rendered":"<h1>Datenschutzerkl\u00e4rung<\/h1>\n<div>\n<p>Diese Datenschutzerkl\u00e4rung gilt f\u00fcr das Internet-Angebot<br \/>\n[<a href=\"http:\/\/www.sybille-naunin.de\">www.sybille-naunin.de<\/a><strong>]<\/strong>.<\/p>\n<p>Dieses Internet-Angebot wird von der Privatpraxis Sybille Naunin, Flensburg, Deutschland, vorgehalten.<\/p>\n<p>Diese ist f\u00fcr die Inhalte dieses Internet-Angebots verantwortlich. Verweise auf fremde Inhalte sind kenntlich gemacht (s.u.).<\/p>\n<p>Die zust\u00e4ndige Aufsichtsbeh\u00f6rde f\u00fcr den Datenschutz ist das<br \/>\nUnabh\u00e4ngige Landeszentrum f\u00fcr Datenschutz Schleswig-Holstein<br \/>\nHolstenstra\u00dfe 98<br \/>\n24103 Kiel<br \/>\n<a href=\"http:\/\/www.datenschutzzentrum.de\/\">www.datenschutzzentrum.de<\/a><\/p>\n<p>Es findet keine \u00fcber das in dieser Erkl\u00e4rung dargestellte Ma\u00df hinausgehende Speicherung und Verarbeitung personenbezogener Nutzungsdaten statt.<\/p>\n<p><strong>Erhebung von Nutzungsdaten\/Nutzungsanalyse<br \/>\n<\/strong>Beim Zugriff auf unser Internetangebot erfassen wir folgende Daten in einer Protokolldatei:<br \/>\n\u2013 IP-Adresse in anonymisierter (verk\u00fcrzter) Form<br \/>\n\u2013 Zeitpunkt des Zugriffs<br \/>\n\u2013 aufgerufene Seite bzw. Name der abgerufenen Datei (URL)<br \/>\n\u2013 Status-Informationen (z.B. Fehlercodes)<br \/>\n\u2013 \u00fcbertragene Datenmenge<br \/>\n-Browser-Informationen (genutzter Web-Browser, Betriebssystem, Spracheinstellung etc.)<\/p>\n<p>Die Daten werden ausschlie\u00dflich f\u00fcr statistische Zwecke genutzt. Eine Weitergabe an Dritte erfolgt nicht. Dieses Internetangebot verwendet keine Techniken, die darauf abzielen, das Zugriffsverhalten einzelner Nutzer auszuwerten. Personenbezogene Nutzungsprofile werden nicht erstellt.<\/p>\n<p><strong>Links zu anderen Webseiten<br \/>\n<\/strong>Unser Internet-Angebot enth\u00e4lt Verweise zu Inhalten anderer Anbieter. Diese sind durch die Angabe expliziter Links (z.B. www.internetseite.de), anhand entsprechender Hinweise im Text erkennbar. Au\u00dferdem werden externe Verweise in einem eigenen Browserfenster ge\u00f6ffnet. Die Nutzung dieser fremden Inhalte unterliegt gegebenenfalls anderen Vorgaben als den hier dargestellten.<\/p>\n<p><strong>Cookies<br \/>\n<\/strong>Auf dieser Seite werden momentan keine Cookies verwendet.<\/p>\n<p>Im Fall einer Verlinkung k\u00f6nnen Cookies von Drittanbietern zum Einsatz kommen, ohne dass wir Sie ausdr\u00fccklich darauf hinweisen k\u00f6nnen. Die g\u00e4ngigen Browser erlauben es, die Verarbeitung solcher Cookies festzulegen, so dass Sie das Speichern dieser Cookies deaktivieren bzw. die Art der Verarbeitung durch Ihren Browser einstellen k\u00f6nnen.<\/p>\n<p><strong>Erhebung personenbezogener Daten in Online-Formularen<br \/>\n<\/strong>Personenbezogene Daten (z.B. Name, Anschrift oder E-Mail-Adresse), werden auf unserer Homepage nicht erhoben.<\/p>\n<p><strong>Auskunftsrechte<br \/>\n<\/strong>Auskunftsrechte k\u00f6nnen schriftlich oder per E-Mail gegen\u00fcber den im Impressum genannten Stellen geltend gemacht werden. Dies gilt auch f\u00fcr Widerspr\u00fcche zu einer erteilten Einwilligungserkl\u00e4rung.<\/p>\n<p><strong>Verschl\u00fcsselung<br \/>\n<\/strong>Dieses Angebot unterst\u00fctzt gegenw\u00e4rtig keine Datenverschl\u00fcsselung. Bei der \u00dcbertragung Ihrer Daten im Internet besteht daher die M\u00f6glichkeit, dass diese durch Unbefugte zur Kenntnis genommen oder ver\u00e4ndert werden k\u00f6nnen.<\/p>\n<p><strong>Patienteninformationen zum Datenschutz<\/strong><\/p>\n<p>Sehr geehrte<strong> Patientin, sehr geehrter Patient<\/strong><\/p>\n<p>der Schutz Ihrer personenbezogenen Daten ist uns wichtig. Nach der EU-Datenschutz-Grundverordnung (DSGVO) sind wir verpflichtet, Sie dar\u00fcber zu informieren, zu welchem Zweck unsere Praxis Daten erhebt, speichert oder weiterleitet. Der Information k\u00f6nnen Sie auch entnehmen, welche Rechte Sie in puncto Datenschutz haben.<\/p>\n<p>1. Verantwortlichkeit f\u00fcr die Datenverarbeitung ist : Sybille Naunin, Hom\u00f6opathische Arztpraxis, Fach\u00e4rztin f\u00fcr Innere Medizin, Angelburgerstr. 8, 24937 Flensburg, Telefon: 0461-1829484<\/p>\n<p>2. Zweck der Datenverarbeitung : Die Datenverarbeitung erfolgt aufgrund gesetzlicher Vorgaben, um den Behandlungsvertrag zwischen Ihnen und Ihrer \u00c4rztin und\u00a0 die damit verbundenen Pflichten zu erf\u00fcllen.<\/p>\n<p>Hierzu verarbeiten wir Ihre personenbezogenen Daten, insbesondere Ihre Gesundheitsdaten, dazu z\u00e4hlen Anamnesen, Diagnosen, Therapievorschl\u00e4ge und Befunde, die wir oder andere \u00c4rzte erheben. Zu diesen Zwecken k\u00f6nnen uns auch andere \u00c4rzte oder Psychotherapeuten, bei denen Sie in Behandlung sind, Daten zur Verf\u00fcgung stellen ( z.B. in\u00a0 Arztbriefen).<\/p>\n<p>Die Erhebung von Gesundheitsdaten ist Voraussetzung f\u00fcr ihre Behandlung. Werden die notwendigen Informationen nicht bereitgestellt, kann eine sorgf\u00e4ltige Behandlung nicht erfolgen.<\/p>\n<p>3. Empf\u00e4nger Ihrer Daten : Wir \u00fcbermitteln Ihre personenbezogenen Daten nur dann an Dritte, wenn dies gesetzlich erlaubt ist oder Sie eingewilligt haben.<\/p>\n<p>Empf\u00e4nger f\u00fcr Ihre personenbezogenen Daten k\u00f6nnen vor allem andere \u00c4rzte\/Psychotherapeuten, kassen\u00e4rztliche Vereinigung, Krankenkassen, der medizinische Dienst der Krankenversicherung, \u00c4rztekammer und privat-\u00e4rztliche Verrechnungsstellen sein.<\/p>\n<p>Die \u00dcbermittlung erfolgt \u00fcberwiegend zum Zwecke der Abrechnung, der bei Ihnen erbrachten Leistungen, zur Kl\u00e4rung von medizinischen und sich aus Ihrem Versicherungsverh\u00e4ltnis ergebenden Fragen. Im Einzelfall erfolgt die \u00dcbermittlung von Daten an weitere berechtigte Empf\u00e4nger.<\/p>\n<p>4. Speicherung Ihrere Daten : Wir bewahren Ihre personenbezogenen Daten nur solange auf, wie dies f\u00fcr die Durchf\u00fchrung der Behandlung erforderlich ist.<\/p>\n<p>Aufgrund rechtlicher Vorgaben sind wir dazu verpflichtet, diese Daten mindestens 10 Jahre nach Abschluss der Behandlung aufzubewahren. Nach anderen Vorschriften k\u00f6nnen sich l\u00e4ngere Aufbewahrungsfristen ergeben, zum Beispiel 30 Jahre bei R\u00f6ntgenaufzeichnungen laut Paragraf 28 Absatz 3 der R\u00f6ntgenverordnung.<\/p>\n<p>5. Ihre Rechte: Sie haben das Recht, \u00fcber die Sie betreffenden personenbezogenen Daten Auskunft zu erhalten. Auch k\u00f6nnen Sie die Berichtigung unrichtiger Daten verlangen.<\/p>\n<p>Dar\u00fcber hinaus steht Ihnen unter bestimmten Voraussetzungen das Recht auf L\u00f6schung von Daten, das Recht auf Einschr\u00e4nkung der Datenverarbeitung sowie das Recht auf Daten\u00fcbertragbarkeit zu.<\/p>\n<p>Die Verarbeitung Ihrer Daten erfolgt auf Basis von gesetzlichen Regelungen. Nur in Ausnahmef\u00e4llen ben\u00f6tigen wir Ihr Einverst\u00e4ndnis. In diesen F\u00e4llen haben Sie das Recht, die Einwilligung f\u00fcr die zuk\u00fcnftige Verarbeitung zu widerrufen.<\/p>\n<p>Sie haben ferner das Recht, sich bei der zust\u00e4ndigen Aufsichtsbeh\u00f6rde f\u00fcr den Datenschutz zu beschweren, wenn Sie der Ansicht sind, dass die Verarbeitung Ihrer personenbezogenen Daten nicht rechtm\u00e4\u00dfig erfolgt.<\/p>\n<p>Die Anschrift der f\u00fcr uns zust\u00e4ndigen Aufsichtsbeh\u00f6rde lautet: Name: Unabh\u00e4ngiges Landeszentrum f\u00fcr Datenschutz Schleswig-Holsten (ULD), Anschrift: Holstenstra\u00dfe 98, 24103 Kiel<\/p>\n<p>6. Rechtliche Grundlagen: Rechtsgrundlage f\u00fcr die Verarbeitung Ihrer Daten ist Artikel 9 Absatz 2 lit. h) DSGVO in Verbindung mit Paragraf 22 Absatz 1 Nr. lit. b) Bundesdatenschutzgesetz. Sollten Sie Fragen haben, k\u00f6nnen Sie sich gern an uns wenden.<\/p>\n<p>Ihr Praxisteam<\/p>\n<p>&nbsp;<\/p>\n<p>&nbsp;<\/p>\n<p><strong><br \/>\n<\/strong><\/p>\n<\/div>\n<p>&nbsp;<\/p>\n","protected":false},"excerpt":{"rendered":"<p>Datenschutzerkl\u00e4rung Diese Datenschutzerkl\u00e4rung gilt f\u00fcr das Internet-Angebot [www.sybille-naunin.de]. Dieses Internet-Angebot wird von der Privatpraxis Sybille Naunin, Flensburg, Deutschland, vorgehalten. Diese ist f\u00fcr die Inhalte dieses Internet-Angebots verantwortlich. Verweise auf fremde Inhalte sind kenntlich gemacht (s.u.). Die zust\u00e4ndige Aufsichtsbeh\u00f6rde f\u00fcr den Datenschutz ist das Unabh\u00e4ngige Landeszentrum f\u00fcr Datenschutz Schleswig-Holstein Holstenstra\u00dfe 98 24103 Kiel www.datenschutzzentrum.de Es findet &#8230; <a title=\"Datenschutz\" class=\"read-more\" href=\"https:\/\/sybille-naunin.de\/?page_id=527\" aria-label=\"Mehr Informationen \u00fcber Datenschutz\">Weiterlesen<\/a><\/p>\n","protected":false},"author":2,"featured_media":0,"parent":0,"menu_order":9,"comment_status":"closed","ping_status":"closed","template":"","meta":{"footnotes":""},"class_list":["post-527","page","type-page","status-publish"],"_links":{"self":[{"href":"https:\/\/sybille-naunin.de\/index.php?rest_route=\/wp\/v2\/pages\/527","targetHints":{"allow":["GET"]}}],"collection":[{"href":"https:\/\/sybille-naunin.de\/index.php?rest_route=\/wp\/v2\/pages"}],"about":[{"href":"https:\/\/sybille-naunin.de\/index.php?rest_route=\/wp\/v2\/types\/page"}],"author":[{"embeddable":true,"href":"https:\/\/sybille-naunin.de\/index.php?rest_route=\/wp\/v2\/users\/2"}],"replies":[{"embeddable":true,"href":"https:\/\/sybille-naunin.de\/index.php?rest_route=%2Fwp%2Fv2%2Fcomments&post=527"}],"version-history":[{"count":7,"href":"https:\/\/sybille-naunin.de\/index.php?rest_route=\/wp\/v2\/pages\/527\/revisions"}],"predecessor-version":[{"id":792,"href":"https:\/\/sybille-naunin.de\/index.php?rest_route=\/wp\/v2\/pages\/527\/revisions\/792"}],"wp:attachment":[{"href":"https:\/\/sybille-naunin.de\/index.php?rest_route=%2Fwp%2Fv2%2Fmedia&parent=527"}],"curies":[{"name":"wp","href":"https:\/\/api.w.org\/{rel}","templated":true}]}}