{"id":494,"date":"2018-01-02T17:13:56","date_gmt":"2018-01-02T16:13:56","guid":{"rendered":"http:\/\/sybille-naunin.de\/?page_id=494"},"modified":"2018-01-02T17:13:56","modified_gmt":"2018-01-02T16:13:56","slug":"wingwave-coaching","status":"publish","type":"page","link":"https:\/\/sybille-naunin.de\/?page_id=494","title":{"rendered":"wingwave-Coaching"},"content":{"rendered":"<h2>Was ist wingwave ?<\/h2>\n<p><strong>w<\/strong>ing<strong>w<\/strong>ave-Coaching geh\u00f6rt derzeit zu den am besten beforschten Coaching-Verfahren. Die <strong>w<\/strong>ing<strong>w<\/strong>ave -Methode ist ein Leistungs-und Emotions-Coaching, das f\u00fcr den Menschen sp\u00fcrbar und schnell in wenigen Sitzungen zum Abbau von Leistungsstress und zur Steigerung von Kreativit\u00e4t , Mentalfitness und Konfliktstabilit\u00e4t f\u00fchrt. Erreicht wird dieser Ressourcen-Effekt durch eine einfach erscheinende Grundintervention: Das Erzeugen von &#8222;wachen&#8220; REM-Phasen ( Rapid Eye Movement ), welche wir Menschen sonst nur im n\u00e4chtlichen Traumschlaf durchlaufen. Dabei f\u00fchrt der Coach mit schnellen Handbewegungen den Blick seines Coachees (Patient) horizontal hin und her.<\/p>\n<p>Mit dem <strong>Myostatik-Test<\/strong> als besonders gut beforschtes Muskelfeedback-Instrument wird vorher das genaue Thema bestimmt und nachher die Wirksamkeit der Intervention \u00fcberpr\u00fcft.<\/p>\n<h2>Die Anwendungsbereiche<\/h2>\n<p>Wingwave-Coaching wird in den Bereichen Business, Leistungssport, P\u00e4dagogik und Didaktik, Gesundheit sowie in K\u00fcnstlerkreisen erfolgreich genutzt. Oft wird die Methode mit anderen bew\u00e4hrten Coaching-Prozessen kombiniert.<\/p>\n<p>&nbsp;<\/p>\n<h2><\/h2>\n","protected":false},"excerpt":{"rendered":"<p>Was ist wingwave ? wingwave-Coaching geh\u00f6rt derzeit zu den am besten beforschten Coaching-Verfahren. Die wingwave -Methode ist ein Leistungs-und Emotions-Coaching, das f\u00fcr den Menschen sp\u00fcrbar und schnell in wenigen Sitzungen zum Abbau von Leistungsstress und zur Steigerung von Kreativit\u00e4t , Mentalfitness und Konfliktstabilit\u00e4t f\u00fchrt. Erreicht wird dieser Ressourcen-Effekt durch eine einfach erscheinende Grundintervention: Das Erzeugen &#8230; <a title=\"wingwave-Coaching\" class=\"read-more\" href=\"https:\/\/sybille-naunin.de\/?page_id=494\" aria-label=\"Mehr Informationen \u00fcber wingwave-Coaching\">Weiterlesen<\/a><\/p>\n","protected":false},"author":2,"featured_media":0,"parent":0,"menu_order":0,"comment_status":"closed","ping_status":"closed","template":"","meta":{"footnotes":""},"class_list":["post-494","page","type-page","status-publish"],"_links":{"self":[{"href":"https:\/\/sybille-naunin.de\/index.php?rest_route=\/wp\/v2\/pages\/494","targetHints":{"allow":["GET"]}}],"collection":[{"href":"https:\/\/sybille-naunin.de\/index.php?rest_route=\/wp\/v2\/pages"}],"about":[{"href":"https:\/\/sybille-naunin.de\/index.php?rest_route=\/wp\/v2\/types\/page"}],"author":[{"embeddable":true,"href":"https:\/\/sybille-naunin.de\/index.php?rest_route=\/wp\/v2\/users\/2"}],"replies":[{"embeddable":true,"href":"https:\/\/sybille-naunin.de\/index.php?rest_route=%2Fwp%2Fv2%2Fcomments&post=494"}],"version-history":[{"count":6,"href":"https:\/\/sybille-naunin.de\/index.php?rest_route=\/wp\/v2\/pages\/494\/revisions"}],"predecessor-version":[{"id":509,"href":"https:\/\/sybille-naunin.de\/index.php?rest_route=\/wp\/v2\/pages\/494\/revisions\/509"}],"wp:attachment":[{"href":"https:\/\/sybille-naunin.de\/index.php?rest_route=%2Fwp%2Fv2%2Fmedia&parent=494"}],"curies":[{"name":"wp","href":"https:\/\/api.w.org\/{rel}","templated":true}]}}