{"id":46,"date":"2011-07-18T12:56:05","date_gmt":"2011-07-18T10:56:05","guid":{"rendered":"http:\/\/sybille-naunin.de\/?page_id=46"},"modified":"2021-03-29T14:39:23","modified_gmt":"2021-03-29T12:39:23","slug":"homoopathie","status":"publish","type":"page","link":"https:\/\/sybille-naunin.de\/?page_id=46","title":{"rendered":"Hom\u00f6opathie"},"content":{"rendered":"<p>Die Hom\u00f6opathie wurde von dem deutschen Arzt Dr. Samuel Hahnemann (1755-1843) Anfang des 19. Jahrhunderts entwickelt.<\/p>\n<p>Diese Methode beruht auf Drei Grunds\u00e4tzen:<\/p>\n<p>Der \u00c4hnlichkeitsregel, der Pr\u00fcfung der hom\u00f6opathischen Arznei am Gesunden und\u00a0 die Verwendung der Arzneimittel in potenzierter Form. Der Begriff setzt sich aus den griechischen W\u00f6rtern homoios (\u00e4hnlich) und pathos (Leiden) zusammen.<\/p>\n<p>Similia similibus curentur-\u00c4hnliches werde durch \u00c4hnliches geheilt. Dies \u00c4hnlichkeitsregel ist das Grundprinzip der Hom\u00f6opathie. Damit ist gemeint, dass nur jenes hom\u00f6opathische Arzneimittel helfen kann, dass bei einem gesunden Menschen m\u00f6glichst \u00e4hnlich die Symptome hervorruft, unter denen der Erkrankte leidet (Arzneimittelpr\u00fcfung). So kann beispielsweise die Zwiebel (Allium cepa) in hom\u00f6opathischer Potenz einen Schnupfen heilen, bei dem die Augen tr\u00e4nen und jucken und ein w\u00e4ssriges, wundmachendes Nasensekret entsteht.<\/p>\n<p>Diese stufenweise Verd\u00fcnnen und Versch\u00fctteln der Wirkstoffe im Herstellungsprozess hom\u00f6opathischer Arzneimittel wird Potenzieren genannt.<\/p>\n<p>Hom\u00f6opathische Arzneien werden \u00fcberwiegend\u00a0 aus Pflanzen, aber auch aus tierischen Produkten, etwas Gifte von Schlangen, aber auch Metalle und Mineralien, sowie aus Krankheitsprodukten , die sogenannten Nosoden verwendet.<\/p>\n","protected":false},"excerpt":{"rendered":"<p>Die Hom\u00f6opathie wurde von dem deutschen Arzt Dr. Samuel Hahnemann (1755-1843) Anfang des 19. Jahrhunderts entwickelt. Diese Methode beruht auf Drei Grunds\u00e4tzen: Der \u00c4hnlichkeitsregel, der Pr\u00fcfung der hom\u00f6opathischen Arznei am Gesunden und\u00a0 die Verwendung der Arzneimittel in potenzierter Form. Der Begriff setzt sich aus den griechischen W\u00f6rtern homoios (\u00e4hnlich) und pathos (Leiden) zusammen. Similia similibus &#8230; <a title=\"Hom\u00f6opathie\" class=\"read-more\" href=\"https:\/\/sybille-naunin.de\/?page_id=46\" aria-label=\"Mehr Informationen \u00fcber Hom\u00f6opathie\">Weiterlesen<\/a><\/p>\n","protected":false},"author":1,"featured_media":0,"parent":0,"menu_order":1,"comment_status":"closed","ping_status":"closed","template":"","meta":{"footnotes":""},"class_list":["post-46","page","type-page","status-publish"],"_links":{"self":[{"href":"https:\/\/sybille-naunin.de\/index.php?rest_route=\/wp\/v2\/pages\/46","targetHints":{"allow":["GET"]}}],"collection":[{"href":"https:\/\/sybille-naunin.de\/index.php?rest_route=\/wp\/v2\/pages"}],"about":[{"href":"https:\/\/sybille-naunin.de\/index.php?rest_route=\/wp\/v2\/types\/page"}],"author":[{"embeddable":true,"href":"https:\/\/sybille-naunin.de\/index.php?rest_route=\/wp\/v2\/users\/1"}],"replies":[{"embeddable":true,"href":"https:\/\/sybille-naunin.de\/index.php?rest_route=%2Fwp%2Fv2%2Fcomments&post=46"}],"version-history":[{"count":5,"href":"https:\/\/sybille-naunin.de\/index.php?rest_route=\/wp\/v2\/pages\/46\/revisions"}],"predecessor-version":[{"id":508,"href":"https:\/\/sybille-naunin.de\/index.php?rest_route=\/wp\/v2\/pages\/46\/revisions\/508"}],"wp:attachment":[{"href":"https:\/\/sybille-naunin.de\/index.php?rest_route=%2Fwp%2Fv2%2Fmedia&parent=46"}],"curies":[{"name":"wp","href":"https:\/\/api.w.org\/{rel}","templated":true}]}}