{"id":44,"date":"2011-07-18T12:55:41","date_gmt":"2011-07-18T10:55:41","guid":{"rendered":"http:\/\/sybille-naunin.de\/?page_id=44"},"modified":"2021-03-29T14:40:50","modified_gmt":"2021-03-29T12:40:50","slug":"klassische-medizin","status":"publish","type":"page","link":"https:\/\/sybille-naunin.de\/?page_id=44","title":{"rendered":"Klassische Medizin"},"content":{"rendered":"<p>Die \u00a0klassischer Medizin umfasst den internistisch-allgemeinmedizinischen Bereich, den ich aufgrund meiner langj\u00e4hrigen Erfahrungen in Krankenh\u00e4usern ( Rudolf-Virchow-Krankenhaus Berlin und J\u00fcdisches Krankenhaus Berlin) und als niedergelassene Haus\u00e4rztin praktiziert habe.<\/p>\n","protected":false},"excerpt":{"rendered":"<p>Die \u00a0klassischer Medizin umfasst den internistisch-allgemeinmedizinischen Bereich, den ich aufgrund meiner langj\u00e4hrigen Erfahrungen in Krankenh\u00e4usern ( Rudolf-Virchow-Krankenhaus Berlin und J\u00fcdisches Krankenhaus Berlin) und als niedergelassene Haus\u00e4rztin praktiziert habe.<\/p>\n","protected":false},"author":1,"featured_media":0,"parent":0,"menu_order":0,"comment_status":"closed","ping_status":"closed","template":"","meta":{"footnotes":""},"class_list":["post-44","page","type-page","status-publish"],"_links":{"self":[{"href":"https:\/\/sybille-naunin.de\/index.php?rest_route=\/wp\/v2\/pages\/44","targetHints":{"allow":["GET"]}}],"collection":[{"href":"https:\/\/sybille-naunin.de\/index.php?rest_route=\/wp\/v2\/pages"}],"about":[{"href":"https:\/\/sybille-naunin.de\/index.php?rest_route=\/wp\/v2\/types\/page"}],"author":[{"embeddable":true,"href":"https:\/\/sybille-naunin.de\/index.php?rest_route=\/wp\/v2\/users\/1"}],"replies":[{"embeddable":true,"href":"https:\/\/sybille-naunin.de\/index.php?rest_route=%2Fwp%2Fv2%2Fcomments&post=44"}],"version-history":[{"count":6,"href":"https:\/\/sybille-naunin.de\/index.php?rest_route=\/wp\/v2\/pages\/44\/revisions"}],"predecessor-version":[{"id":629,"href":"https:\/\/sybille-naunin.de\/index.php?rest_route=\/wp\/v2\/pages\/44\/revisions\/629"}],"wp:attachment":[{"href":"https:\/\/sybille-naunin.de\/index.php?rest_route=%2Fwp%2Fv2%2Fmedia&parent=44"}],"curies":[{"name":"wp","href":"https:\/\/api.w.org\/{rel}","templated":true}]}}