{"id":210,"date":"2011-11-08T11:11:00","date_gmt":"2011-11-08T10:11:00","guid":{"rendered":"http:\/\/sybille-naunin.de\/?page_id=210"},"modified":"2017-12-31T15:07:05","modified_gmt":"2017-12-31T14:07:05","slug":"tipp%c2%b4s-hausmittel-bei-erkaltungskrankheiten","status":"publish","type":"page","link":"https:\/\/sybille-naunin.de\/?page_id=210","title":{"rendered":"Tipp\u00b4s &#038; Hausmittel bei Erk\u00e4ltungskrankheiten"},"content":{"rendered":"<p><strong>Schnupfen:<\/strong><br \/>\nFlie\u00dfen lassen, nicht sofort mit Nasentropfen unterdr\u00fccken!<br \/>\n<strong>Nasensp\u00fclungen mit Salzwasser (auch Emser Salz)<\/strong>:<br \/>\n1\/2 TL Salz auf eine Tasse Wasser l\u00f6sen, Wasser k\u00f6rperwarm abwechselnd durch beide Nasenl\u00f6cher hochziehen, das den Rachen hinablaufende Wasser wird ausgespuckt. Man kann die Salzl\u00f6sung auch mit einer Pipette (aus der Apotheke; tgl. auskochen) in die Nasenl\u00f6cher eintr\u00e4ufeln; bei S\u00e4uglingen vorher mit einem Pump Ball die Nase frei machen.<br \/>\nTrockene Nasenschleimh\u00e4ute mit Mandel\u00f6l oder Vaseline auf einem Wattest\u00e4bchen einfetten.<\/p>\n<p><strong>Nasennebenh\u00f6hlenentz\u00fcndung:<\/strong><br \/>\nBehandlung wie beim Schnupfen.<br \/>\nRotlicht 3x tgl. f\u00fcr jeweils 10 Minuten.<br \/>\n<strong>Quarkwickel<\/strong>, wenn\u00a0<em>K\u00e4lte angenehm und besser<\/em> ist: ausgedr\u00fcckten Magerquark auf ein Baumwolltuch fingerdick auftragen und mit dem Rest des Stoffes bedecken. Den Wickel auf die Stirn- oder Kieferh\u00f6hle auflegen und mit einem elastischen Netzverband (z.B. Schal) befestigen.<br \/>\n<strong>Leinsamenwickel<\/strong>, wenn\u00a0<em>W\u00e4rme besser<\/em> ist: auf Stirn, Nasenwurzel und Wangen auflegen; 1 Handvoll Leinsamen in ca. 1L Wasser kurz aufkochen bis sich Schleim bildet. 1 EL davon auf ein St\u00fcckchen Taschentuch oder Gaze geben und damit ein kleines P\u00e4ckchen bilden. Die P\u00e4ckchen auf die zu behandelnden Stellen legen und befestigen. So lange bis die W\u00e4rme raus ist.<\/p>\n<p><strong>Bronchitis &amp; Husten<\/strong>:<br \/>\nInhalationen mit Kochsalzl\u00f6sung und Kombination mit Thymian, Salbei oder Lavendel.<br \/>\nThymian- oder Holunderbl\u00fctentee trinken.<br \/>\n<strong>Hustensaft:<\/strong> F\u00fcr den anf\u00e4nglichen trockenen Reizhusten Efeu-Extrakte (z.B. Prospan) vorziehen, sp\u00e4ter zur Schleiml\u00f6sung Hustensaft mit Thymian nehmen.<br \/>\n<strong>Zwiebelsaft:<\/strong> 1-2 gehackte Zwiebeln mit 2-3TL (Rohr-)Zucker in einer abgedeckten Schale die Nacht \u00fcber stehen lassen. Den gewonnen Saft morgens und abends zum Trinken geben.<br \/>\n<strong>Brustwickel milde Form:<\/strong> Ein hei\u00df-feuchtes Tuch von hinten um den Brustkorb legen, dar\u00fcber ein Badetuch wickeln. Mit der Bettdecke zugedeckt ca. 30-60min. lang bis zum Schwitzen liegen. Zus\u00e4tzlich zur Anregung des Schwitzens sollte vorher hei\u00dfer Lindenbl\u00fcten- oder Holundertee getrunken werden.<\/p>\n<p><strong>Halsschmerzen:<\/strong><br \/>\nGurgeln: Salbeitee mit 2 Trpf. Calendula-Tinktur pro Glas.<br \/>\nLutschen: Salbeibonbons.<br \/>\nSeidenschal umlegen.<br \/>\n<strong>Halswickel nach Prie\u00dfnitz:<\/strong> Ein Leinentuch wird mit eiskaltem Wasser befeuchtet, gut auswringen und um den Hals legen. Dar\u00fcber kommen ein trockenes Baumwolltuch und zuletzt ein Wollwickel.\u00a0<strong>Wichtig<\/strong>: Der Wickel muss am Hals warm werden, ca. 20min. am Hals lassen. Andernfalls den Wickel mit einem hei\u00df-feuchten Tuch wiederholen.<br \/>\n<strong>Halswickel mit Quark:<\/strong> Abgetropften Magerquark mit fein gehackten Zwiebeln vermengen und -wie oben- anlegen.<\/p>\n<p><strong>Ohrenschmerzen:<\/strong><br \/>\n<em>Nase frei machen (ist wichtig!!)<\/em> durch wiederholte Nasensp\u00fclungen mit Kochsalzl\u00f6sung, weil das Mittelohr durch den Verbindungsgang zur Nase bel\u00fcftet wird; f\u00fcr k\u00fchle Raumluft sorgen und mit einer W\u00e4rmflasche an den F\u00fc\u00dfen die Abschwellung unterst\u00fctzen.<br \/>\n<strong>Zwiebels\u00e4ckchen<\/strong><strong> <\/strong>zur Schmerzstillung wirken Wunder: frisch gehackte Zwiebelst\u00fcckchen in ein d\u00fcnnes Tuch einbinden und direkt auf das Ohr und dahinter legen. Damit die D\u00e4mpfe gut ins Ohr dringen, das S\u00e4ckchen auf K\u00f6rpertemperatur erw\u00e4rmen, je nach Belieben auch kalt anzuwenden. Befestigung mit einem Wollschal oder einer M\u00fctze. Dauer bis zu einer Stunde, evtl. 3-6x tgl. wiederholen.<br \/>\n<strong>Keine Ohrentropfen geben<\/strong>, zur Schmerzstillung eher Paracetamol-Z\u00e4pfchen oder Ibuprofen-Saft vorziehen.<\/p>\n<p><strong>Durchfall:<\/strong><strong><br \/>\n<\/strong><em>Nahrungspause einlegen!<\/em><em><br \/>\n<\/em>Wichtig ist die Zufuhr von Salz!!<br \/>\nTraubenzucker oder Honig: Auf 1 Liter Tee einen flachen TL Salz (Meersalz), 2 EL Traubenzucker oder Honig. Ein gutes Ersatzgetr\u00e4nk besteht aus 2\/3 Fachinger Wasser mit 1\/3 Fruchtsaft f\u00fcr Kinder und Erwachsene. Im 1. Lebensjahr ist die beste Schonkost immer die Muttermilch.<br \/>\n<strong>Auch ein feingeriebener Apfel kann Durchfall bremsen:<\/strong><strong> <\/strong>Den gesch\u00e4lten und entkernten Apfel auf einer Muskatnussreibe fein reiben, verstreichen und 1\/2Std. ziehen lassen. Davon kann je nach Belieben gegessen werden, je nach Geschmack auch mit etwas Zimt oder Muskat w\u00fcrzen. Gut f\u00fcr die Darmschleimhaut ist auch eine w\u00e4ssrige Reissuppe (50-100g wei\u00dfen Reis mit der sechsfachen Menge Wasser ca. 2Std. kochen). Dazu wird der Reis 2x durch ein Sieb gestrichen, abschlie\u00dfend evtl. mit etwas Wasser verd\u00fcnnen und salzen.<br \/>\n<strong>Omas Gem\u00fcsesuppe:<\/strong><strong> <\/strong>1 Mohrr\u00fcbe und 2 Kartoffeln klein geschnitten kochen. (ca. 20min.), zu Brei zerdr\u00fccken und leicht salzen.<br \/>\nEine W\u00e4rmflasche oder ein warm-feuchter Leibwickel k\u00f6nnen zus\u00e4tzlich gegeben werden.<\/p>\n<p><strong>Harnwegsinfekt:<\/strong><br \/>\nAllg. Schonung und Bettruhe (verbesserte Durchblutung der Nieren).<br \/>\nW\u00e4rme (nicht baden, nicht barfu\u00df, nicht ins Freie) und W\u00e4rmeauflagen, warme Fu\u00dfb\u00e4der<br \/>\n<strong>Trinkmenge erh\u00f6hen:<\/strong> Durst f\u00f6rdern durch Salzen von Speisen und Getr\u00e4nken. Fruchts\u00e4fte, besonders, s\u00e4uern den Urin an und bremsen das Erregerwachstum<\/p>\n<p><strong>Fieber:<\/strong><br \/>\nFieber ist eine nat\u00fcrliche Reaktion des K\u00f6rpers. Unser K\u00f6rper, nicht die Erreger, produziert in seiner Auseinandersetzung mit dem Erreger das Fieber um den Infekt schneller zu \u00fcberwinden. \u00dcber den Schwei\u00df oder einen Durchfall wird eine Reinigung versucht. Fieber ist also eine sinnvolle Reaktion unseres Organismus. Wird das Fieber k\u00fcnstlich gesenkt, erholt sich der K\u00f6rper zunehmend langsamer von einer Krankheit. Der Patient f\u00fchlt sich m\u00fcde und schlapp, f\u00e4llt evtl. von einem Infekt zum n\u00e4chsten.<\/p>\n<p><strong>Die Hom\u00f6opathie unterst\u00fctzt<\/strong> den Organismus und lenkt das Fieber in die richtigen Bahnen ohne es zu unterdr\u00fccken.<br \/>\nKinder und gesunde Erwachsene \u00fcberstehen Fieber bis 40\u00b0C normalerweise ohne Komplikationen. Da die Wasserabgabe bei erh\u00f6hter Temperatur vermehrt ist, sollte<br \/>\n&#8211; besonders bei kleinen Kindern &#8211; vermehrt zum Trinken angehalten werden um eine Austrocknung zu vermeiden!!<br \/>\n<strong>Bei kleinen Kindern, die zu Fieberkr\u00e4mpfen neigen, haben hom\u00f6opathische Mittel gute Erfolge!<\/strong><\/p>\n<p>Bei weiteren Fragen stehen wir Ihnen gerne zur Verf\u00fcgung.<\/p>\n<p>&nbsp;<\/p>\n<p>&nbsp;<\/p>\n<p><strong> <\/strong><\/p>\n","protected":false},"excerpt":{"rendered":"<p>Schnupfen: Flie\u00dfen lassen, nicht sofort mit Nasentropfen unterdr\u00fccken! Nasensp\u00fclungen mit Salzwasser (auch Emser Salz): 1\/2 TL Salz auf eine Tasse Wasser l\u00f6sen, Wasser k\u00f6rperwarm abwechselnd durch beide Nasenl\u00f6cher hochziehen, das den Rachen hinablaufende Wasser wird ausgespuckt. Man kann die Salzl\u00f6sung auch mit einer Pipette (aus der Apotheke; tgl. auskochen) in die Nasenl\u00f6cher eintr\u00e4ufeln; bei S\u00e4uglingen &#8230; <a title=\"Tipp\u00b4s &#038; Hausmittel bei Erk\u00e4ltungskrankheiten\" class=\"read-more\" href=\"https:\/\/sybille-naunin.de\/?page_id=210\" aria-label=\"Mehr Informationen \u00fcber Tipp\u00b4s &#038; Hausmittel bei Erk\u00e4ltungskrankheiten\">Weiterlesen<\/a><\/p>\n","protected":false},"author":2,"featured_media":0,"parent":44,"menu_order":0,"comment_status":"closed","ping_status":"closed","template":"","meta":{"footnotes":""},"class_list":["post-210","page","type-page","status-publish"],"_links":{"self":[{"href":"https:\/\/sybille-naunin.de\/index.php?rest_route=\/wp\/v2\/pages\/210","targetHints":{"allow":["GET"]}}],"collection":[{"href":"https:\/\/sybille-naunin.de\/index.php?rest_route=\/wp\/v2\/pages"}],"about":[{"href":"https:\/\/sybille-naunin.de\/index.php?rest_route=\/wp\/v2\/types\/page"}],"author":[{"embeddable":true,"href":"https:\/\/sybille-naunin.de\/index.php?rest_route=\/wp\/v2\/users\/2"}],"replies":[{"embeddable":true,"href":"https:\/\/sybille-naunin.de\/index.php?rest_route=%2Fwp%2Fv2%2Fcomments&post=210"}],"version-history":[{"count":5,"href":"https:\/\/sybille-naunin.de\/index.php?rest_route=\/wp\/v2\/pages\/210\/revisions"}],"predecessor-version":[{"id":299,"href":"https:\/\/sybille-naunin.de\/index.php?rest_route=\/wp\/v2\/pages\/210\/revisions\/299"}],"up":[{"embeddable":true,"href":"https:\/\/sybille-naunin.de\/index.php?rest_route=\/wp\/v2\/pages\/44"}],"wp:attachment":[{"href":"https:\/\/sybille-naunin.de\/index.php?rest_route=%2Fwp%2Fv2%2Fmedia&parent=210"}],"curies":[{"name":"wp","href":"https:\/\/api.w.org\/{rel}","templated":true}]}}