{"id":206,"date":"2011-11-08T11:08:55","date_gmt":"2011-11-08T10:08:55","guid":{"rendered":"http:\/\/sybille-naunin.de\/?page_id=206"},"modified":"2011-11-08T11:08:59","modified_gmt":"2011-11-08T10:08:59","slug":"homoopathische-kinderapotheke","status":"publish","type":"page","link":"https:\/\/sybille-naunin.de\/?page_id=206","title":{"rendered":"Hom\u00f6opathische Kinderapotheke"},"content":{"rendered":"<p>Das folgende Dokument gibt Ihnen einen \u00dcberblick, was in der h\u00e4uslichen Notapotheke f\u00fcr Kinder nicht fehlen sollte.<\/p>\n<p><a href=\"https:\/\/sybille-naunin.de\/wp-content\/uploads\/2011\/09\/Hom\u00f6opathische-Kinderapotheke.pdf\">Hom\u00f6opathische Kinderapotheke<\/a><\/p>\n","protected":false},"excerpt":{"rendered":"<p>Das folgende Dokument gibt Ihnen einen \u00dcberblick, was in der h\u00e4uslichen Notapotheke f\u00fcr Kinder nicht fehlen sollte. Hom\u00f6opathische Kinderapotheke<\/p>\n","protected":false},"author":2,"featured_media":0,"parent":46,"menu_order":0,"comment_status":"closed","ping_status":"closed","template":"","meta":{"footnotes":""},"class_list":["post-206","page","type-page","status-publish"],"_links":{"self":[{"href":"https:\/\/sybille-naunin.de\/index.php?rest_route=\/wp\/v2\/pages\/206","targetHints":{"allow":["GET"]}}],"collection":[{"href":"https:\/\/sybille-naunin.de\/index.php?rest_route=\/wp\/v2\/pages"}],"about":[{"href":"https:\/\/sybille-naunin.de\/index.php?rest_route=\/wp\/v2\/types\/page"}],"author":[{"embeddable":true,"href":"https:\/\/sybille-naunin.de\/index.php?rest_route=\/wp\/v2\/users\/2"}],"replies":[{"embeddable":true,"href":"https:\/\/sybille-naunin.de\/index.php?rest_route=%2Fwp%2Fv2%2Fcomments&post=206"}],"version-history":[{"count":2,"href":"https:\/\/sybille-naunin.de\/index.php?rest_route=\/wp\/v2\/pages\/206\/revisions"}],"predecessor-version":[{"id":208,"href":"https:\/\/sybille-naunin.de\/index.php?rest_route=\/wp\/v2\/pages\/206\/revisions\/208"}],"up":[{"embeddable":true,"href":"https:\/\/sybille-naunin.de\/index.php?rest_route=\/wp\/v2\/pages\/46"}],"wp:attachment":[{"href":"https:\/\/sybille-naunin.de\/index.php?rest_route=%2Fwp%2Fv2%2Fmedia&parent=206"}],"curies":[{"name":"wp","href":"https:\/\/api.w.org\/{rel}","templated":true}]}}