{"id":202,"date":"2011-11-08T11:07:34","date_gmt":"2011-11-08T10:07:34","guid":{"rendered":"http:\/\/sybille-naunin.de\/?page_id=202"},"modified":"2021-03-29T14:48:25","modified_gmt":"2021-03-29T12:48:25","slug":"homoopathische-notfallapotheke","status":"publish","type":"page","link":"https:\/\/sybille-naunin.de\/?page_id=202","title":{"rendered":"Hom\u00f6opathische Notfallapotheke"},"content":{"rendered":"<p>Das folgende Dokument gibt Ihnen einen \u00dcberblick, was in eine hom\u00f6opathische Notfallapotheke hinein geh\u00f6rt.<\/p>\n<p><a href=\"https:\/\/sybille-naunin.de\/wp-content\/uploads\/2011\/09\/Hom\u00f6opathische-Notfallapotheke1.pdf\">Hom\u00f6opathische Notfallapotheke<\/a><\/p>\n","protected":false},"excerpt":{"rendered":"<p>Das folgende Dokument gibt Ihnen einen \u00dcberblick, was in eine hom\u00f6opathische Notfallapotheke hinein geh\u00f6rt. Hom\u00f6opathische Notfallapotheke<\/p>\n","protected":false},"author":2,"featured_media":0,"parent":46,"menu_order":0,"comment_status":"closed","ping_status":"closed","template":"","meta":{"footnotes":""},"class_list":["post-202","page","type-page","status-publish"],"_links":{"self":[{"href":"https:\/\/sybille-naunin.de\/index.php?rest_route=\/wp\/v2\/pages\/202","targetHints":{"allow":["GET"]}}],"collection":[{"href":"https:\/\/sybille-naunin.de\/index.php?rest_route=\/wp\/v2\/pages"}],"about":[{"href":"https:\/\/sybille-naunin.de\/index.php?rest_route=\/wp\/v2\/types\/page"}],"author":[{"embeddable":true,"href":"https:\/\/sybille-naunin.de\/index.php?rest_route=\/wp\/v2\/users\/2"}],"replies":[{"embeddable":true,"href":"https:\/\/sybille-naunin.de\/index.php?rest_route=%2Fwp%2Fv2%2Fcomments&post=202"}],"version-history":[{"count":4,"href":"https:\/\/sybille-naunin.de\/index.php?rest_route=\/wp\/v2\/pages\/202\/revisions"}],"predecessor-version":[{"id":630,"href":"https:\/\/sybille-naunin.de\/index.php?rest_route=\/wp\/v2\/pages\/202\/revisions\/630"}],"up":[{"embeddable":true,"href":"https:\/\/sybille-naunin.de\/index.php?rest_route=\/wp\/v2\/pages\/46"}],"wp:attachment":[{"href":"https:\/\/sybille-naunin.de\/index.php?rest_route=%2Fwp%2Fv2%2Fmedia&parent=202"}],"curies":[{"name":"wp","href":"https:\/\/api.w.org\/{rel}","templated":true}]}}