{"id":2,"date":"2011-07-18T07:31:43","date_gmt":"2011-07-18T05:31:43","guid":{"rendered":"http:\/\/sybille-naunin.de\/?page_id=2"},"modified":"2025-12-28T19:17:16","modified_gmt":"2025-12-28T18:17:16","slug":"sample-page","status":"publish","type":"page","link":"https:\/\/sybille-naunin.de\/?page_id=2","title":{"rendered":"Sybille Naunin"},"content":{"rendered":"<p>&nbsp;<\/p>\n<p><a href=\"https:\/\/sybille-naunin.de\/wp-content\/uploads\/2018\/03\/IMG_76961.jpg\"><img loading=\"lazy\" decoding=\"async\" class=\"aligncenter size-large wp-image-517\" title=\"Sybille Dezember 2017\" src=\"https:\/\/sybille-naunin.de\/wp-content\/uploads\/2018\/03\/IMG_76961-1024x768.jpg\" alt=\"\" width=\"640\" height=\"480\" srcset=\"https:\/\/sybille-naunin.de\/wp-content\/uploads\/2018\/03\/IMG_76961-1024x768.jpg 1024w, https:\/\/sybille-naunin.de\/wp-content\/uploads\/2018\/03\/IMG_76961-300x225.jpg 300w\" sizes=\"auto, (max-width: 640px) 100vw, 640px\" \/><\/a><\/p>\n<h2><\/h2>\n<p><strong>Sybille Naunin<\/strong><\/p>\n<div style=\"font-size: 16px;\">\n<p><strong><em>Approbation: 1991 <\/em><\/strong><\/p>\n<p><strong>1989-94<\/strong> Ausbildung zur Fach\u00e4rztin f\u00fcr Innere Medizin Schwerpunkt Kardiologie mit innerer Intensivstation und langj\u00e4hriger Einsatz auf dem Notarztwagen im Rudolf Virchow Krankenhaus bei Professor Hochrein, Berlin<br \/>\n<strong>1994-97<\/strong> Ausbildung zur Hom\u00f6opathin und Weiterbildung in Kardiologischer Praxis mit Herzkatheterlabor, Berlin<br \/>\n<strong>1999-2001 <\/strong>Haus\u00e4rztin in der Praxis\u00a0Hansen Magnussen, Wanderup<br \/>\n<strong>seit 2001<\/strong> Niedergelassene Haus\u00e4rztin mit Kassenzulassung in Flensburg<\/p>\n<p><strong>seit 2018<\/strong> Privat-und Selbstzahlerpraxis in Flensburg<\/p>\n<p><strong>seit 1997<\/strong> regelm\u00e4\u00dfige Fortbildungen in klassischer Hom\u00f6opathie<br \/>\n<strong>2001<\/strong> Ausbildung psychosomatische Grundversorgung, \u00c4rztekammer Schleswig-Holstein<br \/>\n<strong>2009-2011<\/strong> Ausbildung Kinesiologie, Deutsche \u00c4rztegesellschaft f\u00fcr Applied Kinesiology (D\u00c4GAK)<br \/>\n<strong>2017<\/strong> Ausbildung wingwave-Coach, Besser-Sigmund-Institut, Hamburg<\/p>\n<p>&nbsp;<\/p>\n<\/div>\n<p><a href=\"https:\/\/sybille-naunin.de\/wp-content\/uploads\/2018\/03\/Jensen-Ertzinger.jpg\"><\/a><a href=\"https:\/\/sybille-naunin.de\/wp-content\/uploads\/2011\/07\/IMG_2924.jpg\"><br \/>\n<\/a><\/p>\n<p>&nbsp;<\/p>\n","protected":false},"excerpt":{"rendered":"<p>&nbsp; Sybille Naunin Approbation: 1991 1989-94 Ausbildung zur Fach\u00e4rztin f\u00fcr Innere Medizin Schwerpunkt Kardiologie mit innerer Intensivstation und langj\u00e4hriger Einsatz auf dem Notarztwagen im Rudolf Virchow Krankenhaus bei Professor Hochrein, Berlin 1994-97 Ausbildung zur Hom\u00f6opathin und Weiterbildung in Kardiologischer Praxis mit Herzkatheterlabor, Berlin 1999-2001 Haus\u00e4rztin in der Praxis\u00a0Hansen Magnussen, Wanderup seit 2001 Niedergelassene Haus\u00e4rztin mit &#8230; <a title=\"Sybille Naunin\" class=\"read-more\" href=\"https:\/\/sybille-naunin.de\/?page_id=2\" aria-label=\"Mehr Informationen \u00fcber Sybille Naunin\">Weiterlesen<\/a><\/p>\n","protected":false},"author":1,"featured_media":0,"parent":0,"menu_order":0,"comment_status":"closed","ping_status":"closed","template":"","meta":{"footnotes":""},"class_list":["post-2","page","type-page","status-publish"],"_links":{"self":[{"href":"https:\/\/sybille-naunin.de\/index.php?rest_route=\/wp\/v2\/pages\/2","targetHints":{"allow":["GET"]}}],"collection":[{"href":"https:\/\/sybille-naunin.de\/index.php?rest_route=\/wp\/v2\/pages"}],"about":[{"href":"https:\/\/sybille-naunin.de\/index.php?rest_route=\/wp\/v2\/types\/page"}],"author":[{"embeddable":true,"href":"https:\/\/sybille-naunin.de\/index.php?rest_route=\/wp\/v2\/users\/1"}],"replies":[{"embeddable":true,"href":"https:\/\/sybille-naunin.de\/index.php?rest_route=%2Fwp%2Fv2%2Fcomments&post=2"}],"version-history":[{"count":71,"href":"https:\/\/sybille-naunin.de\/index.php?rest_route=\/wp\/v2\/pages\/2\/revisions"}],"predecessor-version":[{"id":36,"href":"https:\/\/sybille-naunin.de\/index.php?rest_route=\/wp\/v2\/pages\/2\/revisions\/36"}],"wp:attachment":[{"href":"https:\/\/sybille-naunin.de\/index.php?rest_route=%2Fwp%2Fv2%2Fmedia&parent=2"}],"curies":[{"name":"wp","href":"https:\/\/api.w.org\/{rel}","templated":true}]}}