{"id":189,"date":"2011-11-08T11:03:48","date_gmt":"2011-11-08T10:03:48","guid":{"rendered":"http:\/\/sybille-naunin.de\/?page_id=189"},"modified":"2017-12-31T16:06:19","modified_gmt":"2017-12-31T15:06:19","slug":"information-zur-homoopathischen-behandlung","status":"publish","type":"page","link":"https:\/\/sybille-naunin.de\/?page_id=189","title":{"rendered":"Information zur hom\u00f6opathischen Behandlung"},"content":{"rendered":"<p>Die klassische Hom\u00f6opathie ist eine alte Heilungsmethode, die Samuel Hahnemann (1755-1843) ins Leben gerufen hat und die mittlerweile weltweit verbreitet ist.<\/p>\n<p>Sie stellt eine alternative Methode dar, die den ganzen Menschen ber\u00fccksichtigt. Nach der Analyse der psychischen und k\u00f6rperlichen Symptome wird gem\u00e4\u00df dem Prinzip der \u00c4hnlichkeit (homois=\u00e4hnlich, pathos=Krankheit) individuell ein hom\u00f6opathisches Arzneimittel gew\u00e4hlt.<\/p>\n<p>Diese hom\u00f6opathischen Arzneien regen die Selbstheilung an und steigern die Lebenskraft, sodass Krankheiten auf nat\u00fcrlichem Wege \u00fcberwunden werden k\u00f6nnen.<\/p>\n<p>Die Arzneien sind besonders zubereitet. Sie stammen oft aus dem Reich der Pflanzen und der Mineralien und sind nach Hahnemannschen Verfahren verd\u00fcnnt und aktiviert.<\/p>\n<p>Meine Aufgabe besteht darin, das richtige Mittel in der richtigen St\u00e4rke (die richtige Potenz) zu finden.<\/p>\n<p>Wenn ein Heilungsprozess mit einem Hom\u00f6opathikum in Gang gesetzt wird, so ist dieser Weg eine Art Reinigungsprozess, der Krankheiten aus der Vergangenheit wieder an die Oberfl\u00e4che bringt. Es ist also nicht beunruhigend, wenn sich am Anfang die Krankheit\u00a0 kurz verst\u00e4rkt und\/oder alte Krankheiten wieder auftauchen. Das Prinzip der Erstverschlimmerung gilt nicht f\u00fcr jeden Heilungsprozess und ist individuell verschieden, das hei\u00dft, die Heilung kann auch ohne anf\u00e4ngliche Verschlimmerung verlaufen. Dies sehen wir besonders h\u00e4ufig bei den Kindern.<\/p>\n<p>Der beschriebene Heilungsprozess kann durch sogenannte St\u00f6rfaktoren unterbrochen oder aufgehoben werden. Meiden Sie deswegen Kaffee, \u00e4therische Essenzen, ganz besonders Menthol und Pfefferminze (z.B. Pfefferminztee, Kaugummi mit Menthol, Aftereight-Schokolade, japanisches Heilpflanzen\u00f6l, Zahnpasta mit Menthol). Auch einige Medikamente k\u00f6nnen sich st\u00f6rend auswirken. Ich bespreche mit Ihnen pers\u00f6nlich, welche Medikamente den Genesungsprozess nicht negativ beeinflussen.<\/p>\n<p>Weitere Fragen kl\u00e4re ich gerne pers\u00f6nlich mit Ihnen.<\/p>\n<p>&nbsp;<\/p>\n<p><em><strong> <\/strong><\/em><\/p>\n<p>&nbsp;<\/p>\n<p>&nbsp;<\/p>\n","protected":false},"excerpt":{"rendered":"<p>Die klassische Hom\u00f6opathie ist eine alte Heilungsmethode, die Samuel Hahnemann (1755-1843) ins Leben gerufen hat und die mittlerweile weltweit verbreitet ist. Sie stellt eine alternative Methode dar, die den ganzen Menschen ber\u00fccksichtigt. Nach der Analyse der psychischen und k\u00f6rperlichen Symptome wird gem\u00e4\u00df dem Prinzip der \u00c4hnlichkeit (homois=\u00e4hnlich, pathos=Krankheit) individuell ein hom\u00f6opathisches Arzneimittel gew\u00e4hlt. Diese hom\u00f6opathischen &#8230; <a title=\"Information zur hom\u00f6opathischen Behandlung\" class=\"read-more\" href=\"https:\/\/sybille-naunin.de\/?page_id=189\" aria-label=\"Mehr Informationen \u00fcber Information zur hom\u00f6opathischen Behandlung\">Weiterlesen<\/a><\/p>\n","protected":false},"author":2,"featured_media":0,"parent":46,"menu_order":0,"comment_status":"closed","ping_status":"closed","template":"","meta":{"footnotes":""},"class_list":["post-189","page","type-page","status-publish"],"_links":{"self":[{"href":"https:\/\/sybille-naunin.de\/index.php?rest_route=\/wp\/v2\/pages\/189","targetHints":{"allow":["GET"]}}],"collection":[{"href":"https:\/\/sybille-naunin.de\/index.php?rest_route=\/wp\/v2\/pages"}],"about":[{"href":"https:\/\/sybille-naunin.de\/index.php?rest_route=\/wp\/v2\/types\/page"}],"author":[{"embeddable":true,"href":"https:\/\/sybille-naunin.de\/index.php?rest_route=\/wp\/v2\/users\/2"}],"replies":[{"embeddable":true,"href":"https:\/\/sybille-naunin.de\/index.php?rest_route=%2Fwp%2Fv2%2Fcomments&post=189"}],"version-history":[{"count":7,"href":"https:\/\/sybille-naunin.de\/index.php?rest_route=\/wp\/v2\/pages\/189\/revisions"}],"predecessor-version":[{"id":352,"href":"https:\/\/sybille-naunin.de\/index.php?rest_route=\/wp\/v2\/pages\/189\/revisions\/352"}],"up":[{"embeddable":true,"href":"https:\/\/sybille-naunin.de\/index.php?rest_route=\/wp\/v2\/pages\/46"}],"wp:attachment":[{"href":"https:\/\/sybille-naunin.de\/index.php?rest_route=%2Fwp%2Fv2%2Fmedia&parent=189"}],"curies":[{"name":"wp","href":"https:\/\/api.w.org\/{rel}","templated":true}]}}