{"id":17,"date":"2011-07-18T10:50:53","date_gmt":"2011-07-18T08:50:53","guid":{"rendered":"http:\/\/sybille-naunin.de\/?page_id=17"},"modified":"2026-01-03T14:58:45","modified_gmt":"2026-01-03T13:58:45","slug":"willkommen","status":"publish","type":"page","link":"https:\/\/sybille-naunin.de\/","title":{"rendered":"Willkommen in der Praxis Sybille Naunin"},"content":{"rendered":"\n<hr class=\"wp-block-separator has-alpha-channel-opacity\"\/>\n\n\n<div class=\"wp-block-image\">\n<figure class=\"aligncenter size-large is-resized\"><img loading=\"lazy\" decoding=\"async\" width=\"1920\" height=\"1079\" src=\"https:\/\/sybille-naunin.de\/wp-content\/uploads\/2026\/01\/autumn-3770969_1920-edited.jpg\" alt=\"\" class=\"wp-image-820\" style=\"aspect-ratio:1.4992768227623;width:678px;height:auto\" srcset=\"https:\/\/sybille-naunin.de\/wp-content\/uploads\/2026\/01\/autumn-3770969_1920-edited.jpg 1920w, https:\/\/sybille-naunin.de\/wp-content\/uploads\/2026\/01\/autumn-3770969_1920-edited-300x169.jpg 300w, https:\/\/sybille-naunin.de\/wp-content\/uploads\/2026\/01\/autumn-3770969_1920-edited-1024x575.jpg 1024w, https:\/\/sybille-naunin.de\/wp-content\/uploads\/2026\/01\/autumn-3770969_1920-edited-768x432.jpg 768w, https:\/\/sybille-naunin.de\/wp-content\/uploads\/2026\/01\/autumn-3770969_1920-edited-1536x863.jpg 1536w\" sizes=\"auto, (max-width: 1920px) 100vw, 1920px\" \/><\/figure>\n<\/div>\n\n\n<h2 class=\"wp-block-heading\"><strong><em> <\/em><\/strong><strong style=\"font-size: 16px;\"><em>Ich freue mich, Sie in meiner hom\u00f6opathischen Praxis kennen zu lernen.<\/em><\/strong><\/h2>\n\n\n\n<h3 class=\"wp-block-heading\"><em>Nach 25 Jahren haus\u00e4rztlicher Betreuung, habe ich mich verkleinert und werde in Zukunft allgemeinmedizinische und ganzheitliche Beratung mit hom\u00f6opathischen und psychosomatischen Therapieans\u00e4tzen anbieten.<\/em>&nbsp;<p><\/p>\n<p><em>N\u00e4heres entnehmen Sie bitte meinen ausf\u00fchrlichen Erkl\u00e4rungen im Anschluss.<\/em><\/p><\/h3>\n\n\n\n<pre class=\"wp-block-preformatted\"><strong>Die neue Anschrift meiner Praxis : Anna-Hansen-Strasse 4, 24943 Flensburg<\/strong><\/pre>\n\n\n\n<p>Gerne informieren wir Sie pers\u00f6nlich am Telefon, <strong>0170-2131214<\/strong><\/p>\n\n\n\n<p>Meine Praxis ist eine Privat-und Selbstzahler-Praxis<\/p>\n\n\n\n<p>Terminanfragen bitte unter <strong>sybillenaunin@icloud.com <\/strong><\/p>\n\n\n\n<p><strong>Herzliche Gr\u00fcsse Sybille Naunin<\/strong><\/p>\n\n\n\n<p>&#8212;&#8212;&#8212;&#8212;&#8212;&#8212;&#8212;&#8212;&#8212;&#8212;&#8212;&#8212;&#8212;&#8212;&#8212;&#8212;&#8212;&#8212;&#8212;&#8212;&#8212;&#8212;&#8212;&#8212;&#8212;&#8212;&#8212;&#8212;&#8212;&#8212;&#8212;&#8212;&#8212;&#8212;&#8212;&#8212;&#8212;&#8212;&#8212;&#8212;&#8212;&#8212;&#8212;&#8212;&#8212;&#8211;<\/p>\n\n\n\n<p><a href=\"https:\/\/sybille-naunin.de\/wp-content\/uploads\/2011\/07\/NotdienstNEU.jpg\"><\/a><\/p>\n\n\n\n<figure class=\"wp-block-gallery has-nested-images columns-default is-cropped wp-block-gallery-1 is-layout-flex wp-block-gallery-is-layout-flex\">\n<figure class=\"wp-block-image size-large is-resized\"><a href=\"https:\/\/sybille-naunin.de\/wp-content\/uploads\/2017\/11\/Notdienst2014\u00fc.jpg\"><img loading=\"lazy\" decoding=\"async\" width=\"1024\" height=\"645\" data-id=\"342\" src=\"https:\/\/sybille-naunin.de\/wp-content\/uploads\/2011\/07\/NotdienstNEU2-1024x645.jpg\" alt=\"\" class=\"wp-image-342\" style=\"width:509px;height:auto\" title=\"NotdienstNEU2\" srcset=\"https:\/\/sybille-naunin.de\/wp-content\/uploads\/2011\/07\/NotdienstNEU2-1024x645.jpg 1024w, https:\/\/sybille-naunin.de\/wp-content\/uploads\/2011\/07\/NotdienstNEU2-300x189.jpg 300w, https:\/\/sybille-naunin.de\/wp-content\/uploads\/2011\/07\/NotdienstNEU2.jpg 1998w\" sizes=\"auto, (max-width: 1024px) 100vw, 1024px\" \/><\/a><\/figure>\n\n\n\n<figure class=\"wp-block-image size-large is-resized\"><a href=\"https:\/\/sybille-naunin.de\/wp-content\/uploads\/2011\/07\/NotdienstNEU.jpg\"><img loading=\"lazy\" decoding=\"async\" width=\"1024\" height=\"668\" data-id=\"341\" src=\"https:\/\/sybille-naunin.de\/wp-content\/uploads\/2011\/07\/NotdienstNEU-1024x668.jpg\" alt=\"\" class=\"wp-image-341\" style=\"width:509px;height:auto\" title=\"NotdienstNEU\" srcset=\"https:\/\/sybille-naunin.de\/wp-content\/uploads\/2011\/07\/NotdienstNEU-1024x668.jpg 1024w, https:\/\/sybille-naunin.de\/wp-content\/uploads\/2011\/07\/NotdienstNEU-300x195.jpg 300w, https:\/\/sybille-naunin.de\/wp-content\/uploads\/2011\/07\/NotdienstNEU.jpg 1986w\" sizes=\"auto, (max-width: 1024px) 100vw, 1024px\" \/><\/a><\/figure>\n<\/figure>\n\n\n\n<p><a href=\"https:\/\/sybille-naunin.de\/wp-content\/uploads\/2011\/07\/NotdienstNEU.jpg\"><br>\n<\/a><\/p>\n\n\n\n\n\n<p><\/p>\n","protected":false},"excerpt":{"rendered":"<p>Ich freue mich, Sie in meiner hom\u00f6opathischen Praxis kennen zu lernen. Nach 25 Jahren haus\u00e4rztlicher Betreuung, habe ich mich verkleinert und werde in Zukunft allgemeinmedizinische und ganzheitliche Beratung mit hom\u00f6opathischen und psychosomatischen Therapieans\u00e4tzen anbieten.&nbsp; N\u00e4heres entnehmen Sie bitte meinen ausf\u00fchrlichen Erkl\u00e4rungen im Anschluss. Die neue Anschrift meiner Praxis : Anna-Hansen-Strasse 4, 24943 Flensburg Gerne informieren &#8230; <a title=\"Willkommen in der Praxis Sybille Naunin\" class=\"read-more\" href=\"https:\/\/sybille-naunin.de\/\" aria-label=\"Mehr Informationen \u00fcber Willkommen in der Praxis Sybille Naunin\">Weiterlesen<\/a><\/p>\n","protected":false},"author":1,"featured_media":0,"parent":0,"menu_order":0,"comment_status":"closed","ping_status":"closed","template":"","meta":{"footnotes":""},"class_list":["post-17","page","type-page","status-publish"],"_links":{"self":[{"href":"https:\/\/sybille-naunin.de\/index.php?rest_route=\/wp\/v2\/pages\/17","targetHints":{"allow":["GET"]}}],"collection":[{"href":"https:\/\/sybille-naunin.de\/index.php?rest_route=\/wp\/v2\/pages"}],"about":[{"href":"https:\/\/sybille-naunin.de\/index.php?rest_route=\/wp\/v2\/types\/page"}],"author":[{"embeddable":true,"href":"https:\/\/sybille-naunin.de\/index.php?rest_route=\/wp\/v2\/users\/1"}],"replies":[{"embeddable":true,"href":"https:\/\/sybille-naunin.de\/index.php?rest_route=%2Fwp%2Fv2%2Fcomments&post=17"}],"version-history":[{"count":374,"href":"https:\/\/sybille-naunin.de\/index.php?rest_route=\/wp\/v2\/pages\/17\/revisions"}],"predecessor-version":[{"id":827,"href":"https:\/\/sybille-naunin.de\/index.php?rest_route=\/wp\/v2\/pages\/17\/revisions\/827"}],"wp:attachment":[{"href":"https:\/\/sybille-naunin.de\/index.php?rest_route=%2Fwp%2Fv2%2Fmedia&parent=17"}],"curies":[{"name":"wp","href":"https:\/\/api.w.org\/{rel}","templated":true}]}}