{"id":157,"date":"2011-09-27T11:56:34","date_gmt":"2011-09-27T09:56:34","guid":{"rendered":"http:\/\/sybille-naunin.de\/?page_id=157"},"modified":"2025-12-28T19:10:42","modified_gmt":"2025-12-28T18:10:42","slug":"leistungen","status":"publish","type":"page","link":"https:\/\/sybille-naunin.de\/?page_id=157","title":{"rendered":"Leistungen"},"content":{"rendered":"<div><span style=\"font-size: small;\"><em><br \/>\n<\/em><\/span><\/div>\n<ul>\n<li><em>Hom\u00f6opathische Behandlung von akuten und chronischen Krankheiten<\/em><\/li>\n<li><em><em>Psychologische und psychosoziale Beratung<\/em><\/em><\/li>\n<li><em><em>Er<\/em><\/em><em><em>n<\/em><\/em><em><em>\u00e4hrungsberatung<\/em><\/em><\/li>\n<li><em><em>Kinesiologische Austestung (Unvertr\u00e4glichkeiten, Medikamente, St\u00f6rfelder)<\/em><\/em><\/li>\n<li><em><em>Wingwave-Behandung mentaler Blockaden, Traumata, Angst-St\u00f6rungen<\/em><\/em><\/li>\n<\/ul>\n<p><em>Bei Fragen stehe ich Ihnen gerne zur Verf\u00fcgung.<\/em><\/p>\n<p>&nbsp;<\/p>\n","protected":false},"excerpt":{"rendered":"<p>Hom\u00f6opathische Behandlung von akuten und chronischen Krankheiten Psychologische und psychosoziale Beratung Ern\u00e4hrungsberatung Kinesiologische Austestung (Unvertr\u00e4glichkeiten, Medikamente, St\u00f6rfelder) Wingwave-Behandung mentaler Blockaden, Traumata, Angst-St\u00f6rungen Bei Fragen stehe ich Ihnen gerne zur Verf\u00fcgung. &nbsp;<\/p>\n","protected":false},"author":2,"featured_media":0,"parent":0,"menu_order":0,"comment_status":"closed","ping_status":"closed","template":"","meta":{"footnotes":""},"class_list":["post-157","page","type-page","status-publish"],"_links":{"self":[{"href":"https:\/\/sybille-naunin.de\/index.php?rest_route=\/wp\/v2\/pages\/157","targetHints":{"allow":["GET"]}}],"collection":[{"href":"https:\/\/sybille-naunin.de\/index.php?rest_route=\/wp\/v2\/pages"}],"about":[{"href":"https:\/\/sybille-naunin.de\/index.php?rest_route=\/wp\/v2\/types\/page"}],"author":[{"embeddable":true,"href":"https:\/\/sybille-naunin.de\/index.php?rest_route=\/wp\/v2\/users\/2"}],"replies":[{"embeddable":true,"href":"https:\/\/sybille-naunin.de\/index.php?rest_route=%2Fwp%2Fv2%2Fcomments&post=157"}],"version-history":[{"count":20,"href":"https:\/\/sybille-naunin.de\/index.php?rest_route=\/wp\/v2\/pages\/157\/revisions"}],"predecessor-version":[{"id":181,"href":"https:\/\/sybille-naunin.de\/index.php?rest_route=\/wp\/v2\/pages\/157\/revisions\/181"}],"wp:attachment":[{"href":"https:\/\/sybille-naunin.de\/index.php?rest_route=%2Fwp%2Fv2%2Fmedia&parent=157"}],"curies":[{"name":"wp","href":"https:\/\/api.w.org\/{rel}","templated":true}]}}